{"id":35,"date":"2020-01-09T17:26:40","date_gmt":"2020-01-09T16:26:40","guid":{"rendered":"http:\/\/2020.urobots.io\/?page_id=35"},"modified":"2022-03-24T15:40:55","modified_gmt":"2022-03-24T14:40:55","slug":"about-us","status":"publish","type":"page","link":"https:\/\/urobots.io\/de\/about-us\/","title":{"rendered":"\u00dcber uns"},"content":{"rendered":"<section class=\"l-section wpb_row height_small color_alternate\"><div class=\"l-section-h i-cf\"><div class=\"g-cols vc_row type_default valign_top\"><div class=\"vc_col-sm-12 wpb_column vc_column_container\"><div class=\"vc_column-inner\"><div class=\"wpb_wrapper\"><h2 style=\"text-align: center;font-family:Roboto;font-weight:400;font-style:normal\" class=\"vc_custom_heading\" >Unsere Vision<\/h2><div class=\"wpb_text_column\" ><div class=\"wpb_wrapper\"><p>Wir begeistern uns f\u00fcr KI-f\u00e4hige Computererkennung und Robotik. Von der KI-gest\u00fctzten visuellen Inspektion bis hin zu vollst\u00e4ndig kollaborativen Robotern - wir glauben, dass fortschrittliche Technologien die Zukunft der Industrie, des Bildungswesens und der h\u00e4uslichen Umgebung sind.<\/p>\n<\/div><\/div><\/div><\/div><\/div><\/div><\/div><\/section><section class=\"l-section wpb_row height_small\"><div class=\"l-section-h i-cf\"><div class=\"g-cols vc_row type_default valign_top\"><div class=\"vc_col-sm-12 wpb_column vc_column_container\"><div class=\"vc_column-inner\"><div class=\"wpb_wrapper\"><div class=\"g-cols wpb_row  type_default valign_top vc_inner\"><div class=\"vc_col-sm-3 wpb_column vc_column_container\"><div class=\"vc_column-inner\"><div class=\"wpb_wrapper\"><div class=\"w-counter us_custom_6571e3a1 color_primary align_center\" data-duration=\"2000\"><div class=\"w-counter-value\"><span class=\"w-counter-value-part type_text\" data-final=\"\"><\/span><span class=\"w-counter-value-part type_number\" data-final=\"4\">1<\/span><span class=\"w-counter-value-part type_text\" data-final=\"+\"><\/span><\/div><h6 class=\"w-counter-title\" style=\"font-size:16px;\">Jahre auf dem Markt<\/h6><\/div><\/div><\/div><\/div><div class=\"vc_col-sm-3 wpb_column vc_column_container\"><div class=\"vc_column-inner\"><div class=\"wpb_wrapper\"><div class=\"w-counter us_custom_6571e3a1 color_primary align_center\" data-duration=\"2000\"><div class=\"w-counter-value\"><span class=\"w-counter-value-part type_text\" data-final=\"\"><\/span><span class=\"w-counter-value-part type_number\" data-final=\"5\">1<\/span><span class=\"w-counter-value-part type_text\" data-final=\"+\"><\/span><\/div><h6 class=\"w-counter-title\" style=\"font-size:16px;\">L\u00e4nder<\/h6><\/div><\/div><\/div><\/div><div class=\"vc_col-sm-3 wpb_column vc_column_container\"><div class=\"vc_column-inner\"><div class=\"wpb_wrapper\"><div class=\"w-counter us_custom_6571e3a1 color_primary align_center\" data-duration=\"2000\"><div class=\"w-counter-value\"><span class=\"w-counter-value-part type_text\" data-final=\"\"><\/span><span class=\"w-counter-value-part type_number\" data-final=\"20\">1<\/span><span class=\"w-counter-value-part type_text\" data-final=\"+\"><\/span><\/div><h6 class=\"w-counter-title\" style=\"font-size:16px;\">Langj\u00e4hrige Erfahrung in der Softwareentwicklung<\/h6><\/div><\/div><\/div><\/div><div class=\"vc_col-sm-3 wpb_column vc_column_container\"><div class=\"vc_column-inner\"><div class=\"wpb_wrapper\"><div class=\"w-counter us_custom_6571e3a1 color_primary align_center\" data-duration=\"2000\"><div class=\"w-counter-value\"><span class=\"w-counter-value-part type_text\" data-final=\"\"><\/span><span class=\"w-counter-value-part type_number\" data-final=\"20\">1<\/span><span class=\"w-counter-value-part type_text\" data-final=\"+\"><\/span><\/div><h6 class=\"w-counter-title\" style=\"font-size:16px;\">Abgeschlossene Projekte<\/h6><\/div><\/div><\/div><\/div><\/div><\/div><\/div><\/div><\/div><\/div><\/section><section class=\"l-section wpb_row height_small color_alternate\"><div class=\"l-section-h i-cf\"><div class=\"g-cols vc_row type_default valign_top\"><div class=\"vc_col-sm-12 wpb_column vc_column_container\"><div class=\"vc_column-inner\"><div class=\"wpb_wrapper\"><h2 style=\"text-align: center;font-family:Roboto;font-weight:400;font-style:normal\" class=\"vc_custom_heading\" >Wer wir sind<\/h2><div class=\"wpb_text_column\" ><div class=\"wpb_wrapper\"><p>Wir sind ein Software-Entwicklungsunternehmen.<\/p>\n<p>Wir haben eine Reihe von Produkten entwickelt, die es uns erm\u00f6glichen, Kundenanforderungen schnell und zuverl\u00e4ssig umzusetzen.<\/p>\n<p>Wir arbeiten mit Hardware-Anbietern zusammen oder helfen unseren Kunden bei der Auswahl der richtigen Hardware-Komponenten (Roboter, Kameras, Objektive), um Komplettl\u00f6sungen anbieten zu k\u00f6nnen.<\/p>\n<p>Wir sind an herausfordernden Aufgaben interessiert und nehmen regelm\u00e4\u00dfig an Forschungsprojekten teil.<\/p>\n<\/div><\/div><\/div><\/div><\/div><\/div><\/div><\/section><section class=\"l-section wpb_row height_small\"><div class=\"l-section-h i-cf\"><div class=\"g-cols vc_row type_default valign_top\"><div class=\"vc_col-sm-12 wpb_column vc_column_container\"><div class=\"vc_column-inner\"><div class=\"wpb_wrapper\"><h2 style=\"text-align: center;font-family:Roboto;font-weight:400;font-style:normal\" class=\"vc_custom_heading\" >Wo wir sind<\/h2><div class=\"w-map provider_osm us_map_1\" id=\"us_map_1\"><div class=\"w-map-json\" onclick='return {&quot;address&quot;:&quot;Aeschacher Ufer 14, 88131 Lindau&quot;,&quot;markers&quot;:[{&quot;address&quot;:&quot;Aeschacher Ufer 14, 88131 Lindau&quot;,&quot;html&quot;:&quot;&lt;h6&gt;urobots GmbH&lt;\\\/h6&gt;&quot;,&quot;infowindow&quot;:&quot;1&quot;}],&quot;zoom&quot;:14,&quot;height&quot;:400,&quot;style&quot;:&quot;https:\\\/\\\/{s}.tile.openstreetmap.org\\\/{z}\\\/{x}\\\/{y}.png&quot;,&quot;disableZoom&quot;:true}'><\/div><\/div><\/div><\/div><\/div><\/div><\/div><\/section><section class=\"l-section wpb_row height_small\"><div class=\"l-section-h i-cf\"><div class=\"g-cols vc_row type_default valign_top\"><div class=\"vc_col-sm-12 wpb_column vc_column_container\"><div class=\"vc_column-inner\"><div class=\"wpb_wrapper\"><div class=\"w-separator us_custom_f77c4fa6 size_small with_line width_default thick_3 style_dotted color_border align_center with_content\"><div class=\"w-separator-h\"><h6 class=\"w-separator-text\"><span>Presse<\/span><\/h6><\/div><\/div><\/div><\/div><\/div><\/div><\/div><\/section><section class=\"l-section wpb_row height_small\"><div class=\"l-section-h i-cf\"><div class=\"g-cols vc_row type_default valign_top\"><div class=\"vc_col-sm-4 wpb_column vc_column_container\"><div class=\"vc_column-inner\"><div class=\"wpb_wrapper\"><div class=\"w-image align_center\"><div class=\"w-image-h\"><img width=\"150\" height=\"150\" src=\"https:\/\/urobots.io\/wp-content\/uploads\/2020\/07\/media_0-150x150.png\" class=\"attachment-thumbnail size-thumbnail\" alt=\"\" loading=\"lazy\" srcset=\"https:\/\/urobots.io\/wp-content\/uploads\/2020\/07\/media_0-150x150.png 150w, https:\/\/urobots.io\/wp-content\/uploads\/2020\/07\/media_0.png 180w\" sizes=\"(max-width: 150px) 100vw, 150px\" \/><\/div><\/div><h5 style=\"text-align: center\" class=\"vc_custom_heading\" >Z\u00fcndende Ideen: Oberb\u00fcrgermeister Peter Boch besucht Existenzgr\u00fcnder im Innotec<\/h5><div class=\"w-btn-wrapper width_auto align_center\"><a class=\"w-btn us-btn-style_2\" target=\"_blank\" href=\"https:\/\/www.pz-news.de\/wirtschaft_artikel,-Zuendende-Ideen-OB-Peter-Boch-besucht-Existenzgruender-im-Innotec-_arid,1231747.html\" rel=\"noopener\"><span class=\"w-btn-label\">Artikel lesen<\/span><\/a><\/div><\/div><\/div><\/div><div class=\"vc_col-sm-4 wpb_column vc_column_container\"><div class=\"vc_column-inner\"><div class=\"wpb_wrapper\"><div class=\"w-image align_center\"><div class=\"w-image-h\"><img width=\"150\" height=\"150\" src=\"https:\/\/urobots.io\/wp-content\/uploads\/2020\/07\/media_2-150x150.png\" class=\"attachment-thumbnail size-thumbnail\" alt=\"\" loading=\"lazy\" srcset=\"https:\/\/urobots.io\/wp-content\/uploads\/2020\/07\/media_2-150x150.png 150w, https:\/\/urobots.io\/wp-content\/uploads\/2020\/07\/media_2.png 256w\" sizes=\"(max-width: 150px) 100vw, 150px\" \/><\/div><\/div><h5 style=\"text-align: center\" class=\"vc_custom_heading\" >Dem Roboter einiges beigebracht<\/h5><div class=\"w-btn-wrapper width_auto align_center\"><a class=\"w-btn us-btn-style_2\" target=\"_blank\" href=\"https:\/\/www.pz-news.de\/wirtschaft_artikel,-Dem-Roboter-einiges-beigebracht-_arid,1234186.html\" rel=\"noopener\"><span class=\"w-btn-label\">Artikel lesen<\/span><\/a><\/div><\/div><\/div><\/div><div class=\"vc_col-sm-4 wpb_column vc_column_container\"><div class=\"vc_column-inner\"><div class=\"wpb_wrapper\"><div class=\"w-image align_center\"><div class=\"w-image-h\"><img width=\"150\" height=\"150\" src=\"https:\/\/urobots.io\/wp-content\/uploads\/2020\/07\/media_3-150x150.png\" class=\"attachment-thumbnail size-thumbnail\" alt=\"\" loading=\"lazy\" srcset=\"https:\/\/urobots.io\/wp-content\/uploads\/2020\/07\/media_3-150x150.png 150w, https:\/\/urobots.io\/wp-content\/uploads\/2020\/07\/media_3.png 256w\" sizes=\"(max-width: 150px) 100vw, 150px\" \/><\/div><\/div><h5 style=\"text-align: center\" class=\"vc_custom_heading\" >\u201eStart-up BW@School\u201c: 100 Gr\u00fcndungsvorbilder f\u00fcr Sch\u00fclerinnen und Sch\u00fcler in Baden-W\u00fcrttemberg<\/h5><div class=\"w-btn-wrapper width_auto align_center\"><a class=\"w-btn us-btn-style_2\" target=\"_blank\" href=\"https:\/\/wm.baden-wuerttemberg.de\/de\/service\/presse-und-oeffentlichkeitsarbeit\/pressemitteilung\/pid\/start-up-bwschool-100-gruendungsvorbilder-fuer-schuelerinnen-und-schueler-in-baden-wuerttemberg\/\" rel=\"noopener\"><span class=\"w-btn-label\">Artikel lesen<\/span><\/a><\/div><\/div><\/div><\/div><\/div><\/div><\/section>","protected":false},"excerpt":{"rendered":"Our visionWe are passionate about AI-enabled computer vision and robotics. From AI-powered visual inspection to fully collaborative robots, we believe advanced technologies are the future of the industry, education and home environments. 1Years on the market1Countries1Years of experience in software development1Abgeschlossene ProjekteWho we areWe are a software development company. We have developed a range of...","protected":false},"author":1,"featured_media":0,"parent":0,"menu_order":0,"comment_status":"closed","ping_status":"closed","template":"","meta":[],"_links":{"self":[{"href":"https:\/\/urobots.io\/de\/wp-json\/wp\/v2\/pages\/35"}],"collection":[{"href":"https:\/\/urobots.io\/de\/wp-json\/wp\/v2\/pages"}],"about":[{"href":"https:\/\/urobots.io\/de\/wp-json\/wp\/v2\/types\/page"}],"author":[{"embeddable":true,"href":"https:\/\/urobots.io\/de\/wp-json\/wp\/v2\/users\/1"}],"replies":[{"embeddable":true,"href":"https:\/\/urobots.io\/de\/wp-json\/wp\/v2\/comments?post=35"}],"version-history":[{"count":95,"href":"https:\/\/urobots.io\/de\/wp-json\/wp\/v2\/pages\/35\/revisions"}],"predecessor-version":[{"id":23948,"href":"https:\/\/urobots.io\/de\/wp-json\/wp\/v2\/pages\/35\/revisions\/23948"}],"wp:attachment":[{"href":"https:\/\/urobots.io\/de\/wp-json\/wp\/v2\/media?parent=35"}],"curies":[{"name":"wp","href":"https:\/\/api.w.org\/{rel}","templated":true}]}}