{"id":33,"date":"2020-01-09T17:26:03","date_gmt":"2020-01-09T16:26:03","guid":{"rendered":"http:\/\/2020.urobots.io\/?page_id=33"},"modified":"2020-07-20T09:08:50","modified_gmt":"2020-07-20T08:08:50","slug":"portfolio","status":"publish","type":"page","link":"https:\/\/urobots.io\/de\/portfolio\/","title":{"rendered":"Erfolgsgeschichten"},"content":{"rendered":"<section class=\"l-section wpb_row height_small\"><div class=\"l-section-h i-cf\"><div class=\"g-cols vc_row type_default valign_top\"><div class=\"vc_col-sm-12 wpb_column vc_column_container\"><div class=\"vc_column-inner\"><div class=\"wpb_wrapper\"><div class=\"wpb_text_column\" ><div class=\"wpb_wrapper\"><p>Von Prototypen und Forschungsprojekten bis hin zu gro\u00dfen Industrieanlagen vertrauen unsere Kunden auf die Leistung von urobots.<\/p>\n<\/div><\/div><div class=\"w-grid type_grid layout_23290 cols_2\" id=\"us_grid_1\" data-grid-filter=\"true\"><style id=\"us_grid_1_css\">#us_grid_1 .w-grid-item{padding:1.5rem}#us_grid_1 .w-grid-list{margin:-1.5rem}.w-grid + #us_grid_1 .w-grid-list{margin-top:1.5rem}@media (max-width:899px){#us_grid_1 .w-grid-list{margin:0}#us_grid_1 .w-grid-item{width:100%;padding:0;margin-bottom:1.5rem}}@media (max-width:599px){#us_grid_1 .w-grid-list{margin:0}#us_grid_1 .w-grid-item{width:100%;padding:0;margin-bottom:1.5rem}}<\/style><style>.layout_23290 .w-grid-item-h{background:#eeeeee;color:#3b3d40;border-radius:0.4rem;z-index:3}.layout_23290 .usg_post_title_1{color:#ffffff!important;font-weight:500!important;font-size:1.2rem!important;border-radius:10px!important;padding:10px!important;background:rgba(26,26,26,0.80)!important}.layout_23290 .usg_vwrapper_2{min-height:200px!important;padding:1em!important}.layout_23290 .usg_btn_1{text-align:left!important}<\/style><div class=\"w-grid-list\" ><article class=\"w-grid-item size_1x1 post-23304 us_portfolio type-us_portfolio status-publish has-post-thumbnail hentry us_portfolio_category-ai us_portfolio_category-end-of-line-test us_portfolio_category-quality-control us_portfolio_category-vision\" data-id=\"23304\">\r\n\t<div class=\"w-grid-item-h\" style=\"background:url(https:\/\/urobots.io\/wp-content\/uploads\/2020\/03\/cs_verifier.jpg) center\/cover no-repeat #eeeeee;\">\r\n\t\t\t\t<div class=\"w-vwrapper usg_vwrapper_2 align_left valign_top\"><h3 class=\"w-post-elm post_title usg_post_title_1 entry-title color_link_inherit has_text_color\">Montageinspektion von Plattenw\u00e4rmetauschern f\u00fcr einen globalen Top-20 Automobilteilehersteller<\/h3><a class=\"w-btn us-btn-style_2 usg_btn_1 w-text\" href=\"https:\/\/urobots.io\/de\/portfolio\/verifier\/\"><span class=\"w-btn-label\">Weiterlesen<\/span><\/a><\/div>\t<\/div>\r\n<\/article>\r\n<article class=\"w-grid-item size_1x1 post-28 us_portfolio type-us_portfolio status-publish has-post-thumbnail hentry us_portfolio_category-ai us_portfolio_category-quality-control us_portfolio_category-vision\" data-id=\"28\">\r\n\t<div class=\"w-grid-item-h\" style=\"background:url(https:\/\/urobots.io\/wp-content\/uploads\/2020\/01\/cs_dp.jpg) center\/cover no-repeat #eeeeee;\">\r\n\t\t\t\t<div class=\"w-vwrapper usg_vwrapper_2 align_left valign_top\"><h3 class=\"w-post-elm post_title usg_post_title_1 entry-title color_link_inherit has_text_color\">Automatische Qualit\u00e4tskontrolle von Dentallegierungen<\/h3><a class=\"w-btn us-btn-style_2 usg_btn_1 w-text\" href=\"https:\/\/urobots.io\/de\/portfolio\/dp\/\"><span class=\"w-btn-label\">Weiterlesen<\/span><\/a><\/div>\t<\/div>\r\n<\/article>\r\n<article class=\"w-grid-item size_1x1 post-23302 us_portfolio type-us_portfolio status-publish has-post-thumbnail hentry us_portfolio_category-ai us_portfolio_category-logistics\" data-id=\"23302\">\r\n\t<div class=\"w-grid-item-h\" style=\"background:url(https:\/\/urobots.io\/wp-content\/uploads\/2020\/03\/cs_rollenbahn.jpg) center\/cover no-repeat #eeeeee;\">\r\n\t\t\t\t<div class=\"w-vwrapper usg_vwrapper_2 align_left valign_top\"><h3 class=\"w-post-elm post_title usg_post_title_1 entry-title color_link_inherit has_text_color\">KI-f\u00e4hige Erkennungsl\u00f6sung zur Identifizierung von Autoteilen in einer Umgebung mit extremen Temperaturen f\u00fcr einen globalen Top-20-Automobilteilehersteller<\/h3><a class=\"w-btn us-btn-style_2 usg_btn_1 w-text\" href=\"https:\/\/urobots.io\/de\/portfolio\/rollenbahn\/\"><span class=\"w-btn-label\">Weiterlesen<\/span><\/a><\/div>\t<\/div>\r\n<\/article>\r\n<article class=\"w-grid-item size_1x1 post-425 us_portfolio type-us_portfolio status-publish has-post-thumbnail hentry us_portfolio_category-ai us_portfolio_category-vision\" data-id=\"425\">\r\n\t<div class=\"w-grid-item-h\" style=\"background:url(https:\/\/urobots.io\/wp-content\/uploads\/2020\/03\/cs_experimenta.jpg) center\/cover no-repeat #eeeeee;\">\r\n\t\t\t\t<div class=\"w-vwrapper usg_vwrapper_2 align_left valign_top\"><h3 class=\"w-post-elm post_title usg_post_title_1 entry-title color_link_inherit has_text_color\">KI-gest\u00fctzte Erkennungsl\u00f6sung f\u00fcr eine interaktive Station in Deutschlands gr\u00f6\u00dftem Wissenschaftszentrum<\/h3><a class=\"w-btn us-btn-style_2 usg_btn_1 w-text\" href=\"https:\/\/urobots.io\/de\/portfolio\/experiemnta\/\"><span class=\"w-btn-label\">Weiterlesen<\/span><\/a><\/div>\t<\/div>\r\n<\/article>\r\n<article class=\"w-grid-item size_1x1 post-23300 us_portfolio type-us_portfolio status-publish has-post-thumbnail hentry us_portfolio_category-ai us_portfolio_category-robotics us_portfolio_category-vision\" data-id=\"23300\">\r\n\t<div class=\"w-grid-item-h\" style=\"background:url(https:\/\/urobots.io\/wp-content\/uploads\/2020\/03\/cs_plus.jpg) center\/cover no-repeat #eeeeee;\">\r\n\t\t\t\t<div class=\"w-vwrapper usg_vwrapper_2 align_left valign_top\"><h3 class=\"w-post-elm post_title usg_post_title_1 entry-title color_link_inherit has_text_color\">Erkennungsl\u00f6sungen f\u00fcr Roboter zur Eliminierung manueller Arbeiten f\u00fcr einen globalen Metallrecycler<\/h3><a class=\"w-btn us-btn-style_2 usg_btn_1 w-text\" href=\"https:\/\/urobots.io\/de\/portfolio\/plus\/\"><span class=\"w-btn-label\">Weiterlesen<\/span><\/a><\/div>\t<\/div>\r\n<\/article>\r\n<article class=\"w-grid-item size_1x1 post-427 us_portfolio type-us_portfolio status-publish has-post-thumbnail hentry us_portfolio_category-ai us_portfolio_category-logistics us_portfolio_category-robotics\" data-id=\"427\">\r\n\t<div class=\"w-grid-item-h\" style=\"background:url(https:\/\/urobots.io\/wp-content\/uploads\/2020\/03\/cs_able.jpg) center\/cover no-repeat #eeeeee;\">\r\n\t\t\t\t<div class=\"w-vwrapper usg_vwrapper_2 align_left valign_top\"><h3 class=\"w-post-elm post_title usg_post_title_1 entry-title color_link_inherit has_text_color\">Robotersystem zur automatischen Gep\u00e4ckverladung f\u00fcr internationale Gro\u00dfflugh\u00e4fen<\/h3><a class=\"w-btn us-btn-style_2 usg_btn_1 w-text\" href=\"https:\/\/urobots.io\/de\/portfolio\/able\/\"><span class=\"w-btn-label\">Weiterlesen<\/span><\/a><\/div>\t<\/div>\r\n<\/article>\r\n<\/div><div class=\"w-grid-preloader\"><div class=\"g-preloader type_1\">\r\n\t<div><\/div>\r\n<\/div>\r\n<\/div>\t<div class=\"w-grid-json hidden\" onclick='return {&quot;action&quot;:&quot;us_ajax_grid&quot;,&quot;ajax_url&quot;:&quot;https:\\\/\\\/urobots.io\\\/wp-admin\\\/admin-ajax.php&quot;,&quot;infinite_scroll&quot;:0,&quot;max_num_pages&quot;:1,&quot;pagination&quot;:&quot;none&quot;,&quot;permalink_url&quot;:&quot;https:\\\/\\\/urobots.io\\\/de\\\/wp-json\\\/wp\\\/v2\\\/pages\\\/33&quot;,&quot;template_vars&quot;:{&quot;columns&quot;:&quot;2&quot;,&quot;exclude_items&quot;:&quot;none&quot;,&quot;img_size&quot;:&quot;default&quot;,&quot;ignore_items_size&quot;:false,&quot;items_layout&quot;:&quot;23290&quot;,&quot;items_offset&quot;:&quot;1&quot;,&quot;overriding_link&quot;:&quot;none&quot;,&quot;post_id&quot;:33,&quot;query_args&quot;:{&quot;post_type&quot;:[&quot;us_portfolio&quot;],&quot;tax_query&quot;:[{&quot;taxonomy&quot;:&quot;us_portfolio_category&quot;,&quot;field&quot;:&quot;slug&quot;,&quot;terms&quot;:[&quot;ai&quot;,&quot;end-of-line-test&quot;,&quot;robotics&quot;,&quot;quality-control&quot;,&quot;logistics&quot;,&quot;vision&quot;]}],&quot;post_status&quot;:[&quot;publish&quot;,&quot;dp-rewrite-republish&quot;],&quot;orderby&quot;:{&quot;title&quot;:&quot;ASC&quot;},&quot;posts_per_page&quot;:&quot;10&quot;},&quot;type&quot;:&quot;grid&quot;,&quot;us_grid_ajax_index&quot;:1,&quot;us_grid_filter_params&quot;:null,&quot;us_grid_index&quot;:1,&quot;_us_grid_post_type&quot;:&quot;us_portfolio&quot;}}'><\/div>\r\n<\/div><\/div><\/div><\/div><\/div><\/div><\/section>","protected":false},"excerpt":{"rendered":"Robotic system for automatic baggage loading for major international airportsABLE (automatic baggage loading equipment) is a robotic system which loads passenger baggage into containers at airports. Whilst this task is still predominantly performed by men in most airports around the world, ABLE was the first automated system to replace humans with robots at Amsterdam Schiphol,...","protected":false},"author":1,"featured_media":0,"parent":0,"menu_order":0,"comment_status":"closed","ping_status":"closed","template":"","meta":[],"_links":{"self":[{"href":"https:\/\/urobots.io\/de\/wp-json\/wp\/v2\/pages\/33"}],"collection":[{"href":"https:\/\/urobots.io\/de\/wp-json\/wp\/v2\/pages"}],"about":[{"href":"https:\/\/urobots.io\/de\/wp-json\/wp\/v2\/types\/page"}],"author":[{"embeddable":true,"href":"https:\/\/urobots.io\/de\/wp-json\/wp\/v2\/users\/1"}],"replies":[{"embeddable":true,"href":"https:\/\/urobots.io\/de\/wp-json\/wp\/v2\/comments?post=33"}],"version-history":[{"count":62,"href":"https:\/\/urobots.io\/de\/wp-json\/wp\/v2\/pages\/33\/revisions"}],"predecessor-version":[{"id":23771,"href":"https:\/\/urobots.io\/de\/wp-json\/wp\/v2\/pages\/33\/revisions\/23771"}],"wp:attachment":[{"href":"https:\/\/urobots.io\/de\/wp-json\/wp\/v2\/media?parent=33"}],"curies":[{"name":"wp","href":"https:\/\/api.w.org\/{rel}","templated":true}]}}