{"id":13,"date":"2020-01-09T13:47:49","date_gmt":"2020-01-09T12:47:49","guid":{"rendered":"http:\/\/2020.urobots.io\/?page_id=13"},"modified":"2020-07-22T15:04:35","modified_gmt":"2020-07-22T14:04:35","slug":"home","status":"publish","type":"page","link":"https:\/\/urobots.io\/de\/","title":{"rendered":"Home"},"content":{"rendered":"<section class=\"l-section wpb_row height_auto width_full color_primary\"><div class=\"l-section-h i-cf\"><div class=\"g-cols vc_row type_boxes valign_middle\"><div class=\"vc_col-sm-4 wpb_column vc_column_container\"><div class=\"vc_column-inner\"><div class=\"wpb_wrapper\"><div class=\"w-image align_none\"><div class=\"w-image-h\"><img src=\"https:\/\/urobots.io\/wp-content\/uploads\/2020\/07\/main_illustration.svg\" class=\"attachment-full size-full\" alt=\"\" loading=\"lazy\" \/><\/div><\/div><\/div><\/div><\/div><div class=\"vc_col-sm-8 wpb_column vc_column_container\"><div class=\"vc_column-inner\"><div class=\"wpb_wrapper\"><h2 style=\"text-align: left\" class=\"vc_custom_heading\" >Transformieren Sie Ihre Produktion mit intelligenten Technologiel\u00f6sungen<\/h2><div class=\"wpb_text_column us_custom_813864fb\" ><div class=\"wpb_wrapper\"><ul>\n<li>Reduzieren Sie Ihre Reklamationskosten mit \tKI-gest\u00fctzter Qualit\u00e4tskontrolle<\/li>\n<li>Erh\u00f6hen Sie Ihre Produktivit\u00e4t mit kollaborativen \tRobotern<\/li>\n<li>Passen Sie flexibel Ihre Linien an, um auf neue \tHerausforderungen zu reagieren<\/li>\n<\/ul>\n<\/div><\/div><\/div><\/div><\/div><\/div><\/div><\/section><section class=\"l-section wpb_row height_small\"><div class=\"l-section-h i-cf\"><div class=\"g-cols vc_row type_default valign_top\"><div class=\"vc_col-sm-12 wpb_column vc_column_container\"><div class=\"vc_column-inner\"><div class=\"wpb_wrapper\"><div class=\"wpb_text_column\" ><div class=\"wpb_wrapper\"><p>In unserer modernen Zeit erfordert jede Art von Produktion h\u00f6chste Qualit\u00e4t, Effizienz und Flexibilit\u00e4t, um sich schnell an neue Kunden- und Marktanforderungen anpassen zu k\u00f6nnen. Die neuen Anforderungen k\u00f6nnen ohne den Einsatz von k\u00fcnstlicher Intelligenz (KI) nicht mehr vollst\u00e4ndig und zuverl\u00e4ssig erf\u00fcllt werden.<\/p>\n<p>Hierf\u00fcr haben wir KI-gest\u00fctzte Computer-Vision L\u00f6sungen konzipiert, die Herstellern jeder Gr\u00f6\u00dfe dabei helfen k\u00f6nnen, ihre Produktion zu optimieren und dadurch Wettbewerbsvorteil zu erlangen:<\/p>\n<\/div><\/div><\/div><\/div><\/div><\/div><\/div><\/section><section class=\"l-section wpb_row height_small color_alternate\"><div class=\"l-section-h i-cf\"><div class=\"g-cols vc_row type_default valign_top\"><div class=\"vc_col-sm-12 wpb_column vc_column_container\"><div class=\"vc_column-inner\"><div class=\"wpb_wrapper\"><div class=\"g-cols wpb_row  type_default valign_top vc_inner\"><div class=\"vc_col-sm-4 wpb_column vc_column_container\"><div class=\"vc_column-inner\"><div class=\"wpb_wrapper\"><h3 style=\"text-align: center\" class=\"vc_custom_heading us_custom_02652b28\" >Kontrolle der Produktqualit\u00e4t<\/h3><div class=\"w-image us_custom_b73d7d07 align_center\"><div class=\"w-image-h\"><img width=\"150\" height=\"150\" src=\"https:\/\/urobots.io\/wp-content\/uploads\/2020\/06\/icons-2-01.svg\" class=\"attachment-thumbnail size-thumbnail\" alt=\"\" loading=\"lazy\" \/><\/div><\/div><div class=\"wpb_text_column\" ><div class=\"wpb_wrapper\"><ul>\n<li>Visuelle \u00dcberpr\u00fcfung \t\t\tjedes Produkts oder Teils auf Sch\u00e4den oder M\u00e4ngel<\/li>\n<li>Erkennung aller \t\t\tAnomalien, egal wie klein oder komplex diese \t\t\tsind<\/li>\n<\/ul>\n<\/div><\/div><\/div><\/div><\/div><div class=\"vc_col-sm-4 wpb_column vc_column_container\"><div class=\"vc_column-inner\"><div class=\"wpb_wrapper\"><h3 style=\"text-align: center\" class=\"vc_custom_heading us_custom_02652b28\" >Kontrolle des Montageprozesses<\/h3><div class=\"w-image us_custom_b73d7d07 align_center\"><div class=\"w-image-h\"><img width=\"150\" height=\"150\" src=\"https:\/\/urobots.io\/wp-content\/uploads\/2020\/06\/icons-2-02.svg\" class=\"attachment-thumbnail size-thumbnail\" alt=\"\" loading=\"lazy\" \/><\/div><\/div><div class=\"wpb_text_column\" ><div class=\"wpb_wrapper\"><ul>\n<li>Pr\u00fcfung auf Vollst\u00e4ndigkeit \t\t\tund Richtigkeit der Montage<\/li>\n<li>Interaktion mit menschlichen Kollegen durch klare \t\t\tWarnungen und Anweisungen<\/li>\n<\/ul>\n<\/div><\/div><\/div><\/div><\/div><div class=\"vc_col-sm-4 wpb_column vc_column_container\"><div class=\"vc_column-inner\"><div class=\"wpb_wrapper\"><h3 style=\"text-align: center\" class=\"vc_custom_heading us_custom_02652b28\" >Anpassungsf\u00e4hige Kundenspezifische Vision L\u00f6sungen f\u00fcr \t\t\tRoboter<\/h3><div class=\"w-image us_custom_b73d7d07 align_center\"><div class=\"w-image-h\"><img width=\"150\" height=\"150\" src=\"https:\/\/urobots.io\/wp-content\/uploads\/2020\/06\/icons-2-03.svg\" class=\"attachment-thumbnail size-thumbnail\" alt=\"\" loading=\"lazy\" \/><\/div><\/div><div class=\"wpb_text_column\" ><div class=\"wpb_wrapper\"><ul>\n<li>Aktivierung der \t\t\tRoboter f\u00fcr Identifikation oder Lokalisierung der Objekte und \t\t\tInteraktion nach Anweisungen nach Ihren Bed\u00fcrfnissen<\/li>\n<li>Einfache Verwendung \t\t\tund Erweiterung auf neue Aufgaben durch Eure \t\t\tSpezialisten<\/li>\n<\/ul>\n<\/div><\/div><\/div><\/div><\/div><\/div><\/div><\/div><\/div><\/div><\/div><\/section><section class=\"l-section wpb_row height_small\"><div class=\"l-section-h i-cf\"><div class=\"g-cols vc_row type_default valign_top\"><div class=\"vc_col-sm-12 wpb_column vc_column_container\"><div class=\"vc_column-inner\"><div class=\"wpb_wrapper\"><h2 style=\"text-align: center\" class=\"vc_custom_heading\" >In wenigen Tagen k\u00f6nnen Sie die Ergebnisse der Transformation beobachten:<\/h2><div class=\"wpb_text_column\" ><div class=\"wpb_wrapper\"><ul>\n<li><b>Schneller ROI: <\/b>Sie bekommen von uns Ihren Prototyp und \tinnerhalb weniger Tage werden Sie reale Verbesserungen in Ihrem \tProduktionsprozess beobachten<b>\u00a0<\/b><b><\/b><\/li>\n<li><b>Gemeinsames Rollout: <\/b>Gemeinsam mit Ihnen verfeinern und \tintegrieren wir Ihre L\u00f6sung, um maximale Leistung und \tSkalierbarkeit zu erreichen, wobei alle Nuancen und Bed\u00fcrfnisse \tIhrer Produktion ber\u00fccksichtigt werden.<\/li>\n<li><b>Einfach zu verwenden und anzupassen: <\/b>Sobald die \tImplementierung abgeschlossen ist, k\u00f6nnen Sie die L\u00f6sung - \tvollst\u00e4ndig und einfach - steuern (ohne spezielle \tProgrammierkenntnisse), einschlie\u00dflich des Hinzuf\u00fcgens neuer \tFunktionen und des Anschlusses an neue Ger\u00e4te<\/li>\n<\/ul>\n<\/div><\/div><\/div><\/div><\/div><\/div><\/div><\/section><section class=\"l-section wpb_row height_small color_alternate\"><div class=\"l-section-h i-cf\"><div class=\"g-cols vc_row type_default valign_top\"><div class=\"vc_col-sm-12 wpb_column vc_column_container\"><div class=\"vc_column-inner\"><div class=\"wpb_wrapper\"><h2 style=\"text-align: center;font-family:Roboto;font-weight:400;font-style:normal\" class=\"vc_custom_heading\" >Unsere Kunden<\/h2><div class=\"g-cols wpb_row  type_default valign_top vc_inner\"><div class=\"vc_col-sm-4 wpb_column vc_column_container\"><div class=\"vc_column-inner\"><div class=\"wpb_wrapper\"><div class=\"w-image align_none\"><div class=\"w-image-h\"><img width=\"400\" height=\"200\" src=\"https:\/\/urobots.io\/wp-content\/uploads\/2020\/07\/logo_mahle.png\" class=\"attachment-large size-large\" alt=\"\" loading=\"lazy\" srcset=\"https:\/\/urobots.io\/wp-content\/uploads\/2020\/07\/logo_mahle.png 400w, https:\/\/urobots.io\/wp-content\/uploads\/2020\/07\/logo_mahle-300x150.png 300w\" sizes=\"(max-width: 400px) 100vw, 400px\" \/><\/div><\/div><\/div><\/div><\/div><div class=\"vc_col-sm-4 wpb_column vc_column_container\"><div class=\"vc_column-inner\"><div class=\"wpb_wrapper\"><div class=\"w-image align_none\"><div class=\"w-image-h\"><img width=\"400\" height=\"200\" src=\"https:\/\/urobots.io\/wp-content\/uploads\/2020\/07\/logo-mauch.jpg\" class=\"attachment-large size-large\" alt=\"\" loading=\"lazy\" srcset=\"https:\/\/urobots.io\/wp-content\/uploads\/2020\/07\/logo-mauch.jpg 400w, https:\/\/urobots.io\/wp-content\/uploads\/2020\/07\/logo-mauch-300x150.jpg 300w\" sizes=\"(max-width: 400px) 100vw, 400px\" \/><\/div><\/div><\/div><\/div><\/div><div class=\"vc_col-sm-4 wpb_column vc_column_container\"><div class=\"vc_column-inner\"><div class=\"wpb_wrapper\"><div class=\"w-image align_none\"><div class=\"w-image-h\"><img width=\"400\" height=\"200\" src=\"https:\/\/urobots.io\/wp-content\/uploads\/2020\/07\/logo_aat.png\" class=\"attachment-large size-large\" alt=\"\" loading=\"lazy\" srcset=\"https:\/\/urobots.io\/wp-content\/uploads\/2020\/07\/logo_aat.png 400w, https:\/\/urobots.io\/wp-content\/uploads\/2020\/07\/logo_aat-300x150.png 300w\" sizes=\"(max-width: 400px) 100vw, 400px\" \/><\/div><\/div><\/div><\/div><\/div><\/div><\/div><\/div><\/div><\/div><\/div><\/section><section class=\"l-section wpb_row us_custom_34336ff3 height_small\"><div class=\"l-section-h i-cf\"><div class=\"g-cols vc_row type_default valign_top\"><div class=\"vc_col-sm-12 wpb_column vc_column_container\"><div class=\"vc_column-inner\"><div class=\"wpb_wrapper\"><h2 style=\"text-align: center\" class=\"vc_custom_heading us_custom_836f727b\" >Sprechen Sie mit uns \u00fcber Ihre Produktionsherausforderung oder Ihr Bedarf an KI-f\u00e4higen Erkennungsl\u00f6sungen<\/h2><div class=\"w-hwrapper align_center valign_top\"><div class=\"w-popup align_left\"><div class=\"w-btn-wrapper\"><a class=\"w-popup-trigger type_btn w-btn us-btn-style_1\" style=\"font-size:\" href=\"javascript:void(0)\"><span class=\"w-btn-label\">Kontakt urobots<\/span><\/a><\/div><div class=\"w-popup-overlay\" style=\"background:rgba(0,0,0,0.85);\"><\/div><div class=\"w-popup-wrap\"><div class=\"w-popup-box animation_slideBottom with_title\" style=\"border-radius:5px;width:600px;\"><div class=\"w-popup-box-h\"><div class=\"w-popup-box-title\" style=\"color:#3b3d40;background:#F2F2F2;\">Kontakt urobots<\/div><div class=\"w-popup-box-content\" style=\"padding:5%;background:#ffffff;color:#3b3d40;\"><div class=\"w-form  layout_ver for_cform us_form_1\">\r\n\t<form class=\"w-form-h\" autocomplete=\"off\" action=\"https:\/\/urobots.io\/de\/wp-json\/wp\/v2\/pages\/13\" method=\"post\" data-trp-original-action=\"https:\/\/urobots.io\/de\/wp-json\/wp\/v2\/pages\/13\">\r\n\t\t<div class=\"w-form-row for_text\">\r\n\t\t<div class=\"w-form-row-field\">\r\n\t\t\t\t\t\t<input aria-label=\"Name\" type=\"text\" name=\"us_form_1_text_1\" value placeholder=\"Name\"\/>\r\n\t\t\t<\/div>\r\n\t\t<div class=\"w-form-row-state\">Bitte f\u00fcllen Sie dieses Feld aus.<\/div>\r\n<\/div>\r\n<div class=\"w-form-row for_email required\">\r\n\t\t<div class=\"w-form-row-field\">\r\n\t\t\t\t\t\t<input aria-label=\"Email\" type=\"email\" name=\"us_form_1_email_1\" value placeholder=\"Email *\" data-required=\"true\" aria-required=\"true\"\/>\r\n\t\t\t<\/div>\r\n\t\t<div class=\"w-form-row-state\">Bitte gib eine g\u00fcltige E-Mail-Adresse ein.<\/div>\r\n<\/div>\r\n<div class=\"w-form-row for_textarea required\">\r\n\t\t<div class=\"w-form-row-field\">\r\n\t\t\t\t\t\t<textarea aria-label=\"Message\" name=\"us_form_1_textarea_1\" placeholder=\"Nachricht *\" data-required=\"true\" aria-required=\"true\"><\/textarea>\r\n\t\t\t<\/div>\r\n\t\t<div class=\"w-form-row-state\">Bitte f\u00fcllen Sie dieses Feld aus.<\/div>\r\n<\/div>\r\n<input type=\"hidden\" name=\"action\" value=\"us_ajax_cform\" \/><input type=\"hidden\" name=\"post_id\" value=\"23848\" \/><input type=\"hidden\" name=\"form_index\" value=\"1\" \/><div class=\"w-form-row for_submit align_left\">\r\n\t<div class=\"w-form-row-field\">\r\n\t\t\t\t<button class=\"w-btn  us-btn-style_1\" aria-label=\"GET IN TOUCH\" type=\"submit\">\r\n\t\t\t<span class=\"g-preloader type_1\"><\/span>\r\n\t\t\t\t\t\t<span class=\"w-btn-label\">Nachricht senden<\/span>\r\n\t\t\t\t\t<\/button>\r\n\t<\/div>\r\n<\/div>\t<input type=\"hidden\" name=\"trp-form-language\" value=\"de\"\/><\/form>\r\n\t<div class=\"w-form-message\"><\/div>\r\n\t<div class=\"w-form-json hidden\" onclick='return {&quot;ajaxurl&quot;:&quot;https:\\\/\\\/urobots.io\\\/wp-admin\\\/admin-ajax.php&quot;}'><\/div>\r\n<\/div>\n<\/div><\/div><\/div><div class=\"w-popup-closer\" style=\"background:#ffffff;color:#3b3d40;\"><\/div><\/div><\/div>\n<\/div><\/div><\/div><\/div><\/div><\/div><\/section>","protected":false},"excerpt":{"rendered":"Transform your production with smart technologies Reduce reclamation costs with AI-enabled quality control Increase productivity with collaborative robots Adapt your lines to respond to new challenges Modern production requires superior quality, efficiency and flexibility to adapt quickly to new customer and market demands. As the demands evolve, these requirements can no longer be fully and...","protected":false},"author":1,"featured_media":0,"parent":0,"menu_order":0,"comment_status":"closed","ping_status":"closed","template":"","meta":[],"_links":{"self":[{"href":"https:\/\/urobots.io\/de\/wp-json\/wp\/v2\/pages\/13"}],"collection":[{"href":"https:\/\/urobots.io\/de\/wp-json\/wp\/v2\/pages"}],"about":[{"href":"https:\/\/urobots.io\/de\/wp-json\/wp\/v2\/types\/page"}],"author":[{"embeddable":true,"href":"https:\/\/urobots.io\/de\/wp-json\/wp\/v2\/users\/1"}],"replies":[{"embeddable":true,"href":"https:\/\/urobots.io\/de\/wp-json\/wp\/v2\/comments?post=13"}],"version-history":[{"count":149,"href":"https:\/\/urobots.io\/de\/wp-json\/wp\/v2\/pages\/13\/revisions"}],"predecessor-version":[{"id":23815,"href":"https:\/\/urobots.io\/de\/wp-json\/wp\/v2\/pages\/13\/revisions\/23815"}],"wp:attachment":[{"href":"https:\/\/urobots.io\/de\/wp-json\/wp\/v2\/media?parent=13"}],"curies":[{"name":"wp","href":"https:\/\/api.w.org\/{rel}","templated":true}]}}